{"id":22,"date":"2015-02-06T07:06:55","date_gmt":"2015-02-06T07:06:55","guid":{"rendered":"http:\/\/www.florlima.com\/site\/?page_id=22"},"modified":"2023-09-01T01:58:14","modified_gmt":"2023-09-01T01:58:14","slug":"mexico-vs-argentina","status":"publish","type":"page","link":"http:\/\/www.florlima.com\/site\/teatro\/mexico-vs-argentina\/","title":{"rendered":"TEATRO MEXICO vs. ARGENTINA"},"content":{"rendered":"<p>[vc_row][vc_column][vc_single_image image=\u00bb404&#8243; img_size=\u00bblarge\u00bb][vc_column_text]<strong>Esta es una obra, como dice el t\u00edtulo, creada por una mexicana y una argentina. Dos mujeres con mucho que decir.<\/strong> En un formato de \u00abStand up \/ Cabaret\u00bb, estas dos actrices r\u00eden, cantan, lloran y bailan. Con inteligente iron\u00eda dejan en evidencia las virtudes y defectos de sus pa\u00edses, reviviendo en su piel diferentes personajes representativos de ambas culturas.<br \/>\nUnas fan\u00e1ticas futboleras, unas \u00abfresas \/ chetas\u00bb de fiesta, unas locas artistas retro, dos madres muy diferentes, mujeres con dolor, mujeres explosivas c\u00f3modas con su cuerpo y hasta ellas mismas contando su historia de independencia.<br \/>\nEscenas po\u00e9ticas y est\u00e9ticas, donde las mujeres, no importa su nacionalidad, se sentir\u00e1n conmovidas, no podr\u00e1n contener su sonrisa.<br \/>\nY los tan adorables hombres, que siempre tienen gran protagonismo en el fant\u00e1stico y tortuoso mundo femenino, no podr\u00e1n dejar de mirarlas.[\/vc_column_text][\/vc_column][\/vc_row][vc_row][vc_column][vc_masonry_media_grid arrows_design=\u00bbnone\u00bb arrows_position=\u00bbinside\u00bb arrows_color=\u00bbblue\u00bb paging_design=\u00bbradio_dots\u00bb paging_color=\u00bbgrey\u00bb loop=\u00bb\u00bb autoplay=\u00bb-1&#8243; include=\u00bb405,406,407,408&#8243; grid_id=\u00bbvc_gid:1693533337570-56e966e6-894a-2&#8243;][\/vc_column][\/vc_row][vc_row][vc_column][vc_video link=\u00bbhttps:\/\/www.youtube.com\/watch?v=iQqB1jKPoGg\u00bb][\/vc_column][\/vc_row][vc_row][vc_column][vc_masonry_media_grid style=\u00bblazy\u00bb arrows_design=\u00bbnone\u00bb arrows_position=\u00bbinside\u00bb arrows_color=\u00bbblue\u00bb paging_design=\u00bbradio_dots\u00bb paging_color=\u00bbgrey\u00bb loop=\u00bb\u00bb autoplay=\u00bb-1&#8243; include=\u00bb415,417,757,756,758&#8243; grid_id=\u00bbvc_gid:1693533337571-af3f1ffa-97b8-10&#8243;][\/vc_column][\/vc_row][vc_row][vc_column][vc_video link=\u00bbhttps:\/\/www.youtube.com\/watch?v=z1YdDHkI4Xk\u00bb][\/vc_column][\/vc_row][vc_row][vc_column][vc_masonry_media_grid style=\u00bblazy\u00bb element_width=\u00bb3&#8243; arrows_design=\u00bbnone\u00bb arrows_position=\u00bbinside\u00bb arrows_color=\u00bbblue\u00bb paging_design=\u00bbradio_dots\u00bb paging_color=\u00bbgrey\u00bb loop=\u00bb\u00bb autoplay=\u00bb-1&#8243; include=\u00bb722,723,725,726,724,727&#8243; grid_id=\u00bbvc_gid:1693533337572-c4c9029d-7588-6&#8243;][vc_masonry_media_grid style=\u00bblazy\u00bb arrows_design=\u00bbnone\u00bb arrows_position=\u00bbinside\u00bb arrows_color=\u00bbblue\u00bb paging_design=\u00bbradio_dots\u00bb paging_color=\u00bbgrey\u00bb loop=\u00bb\u00bb autoplay=\u00bb-1&#8243; include=\u00bb728,729,730,731,732&#8243; grid_id=\u00bbvc_gid:1693533337572-5853dd03-8383-8&#8243;][\/vc_column][\/vc_row][vc_row][vc_column][vc_masonry_media_grid style=\u00bblazy\u00bb element_width=\u00bb3&#8243; arrows_design=\u00bbnone\u00bb arrows_position=\u00bbinside\u00bb arrows_color=\u00bbblue\u00bb paging_design=\u00bbradio_dots\u00bb paging_color=\u00bbgrey\u00bb loop=\u00bb\u00bb autoplay=\u00bb-1&#8243; include=\u00bb733,734,735,739,737,736,738&#8243; grid_id=\u00bbvc_gid:1693533337572-85fae6e4-0b3c-3&#8243;][vc_masonry_media_grid style=\u00bblazy\u00bb element_width=\u00bb3&#8243; arrows_design=\u00bbnone\u00bb arrows_position=\u00bbinside\u00bb arrows_color=\u00bbblue\u00bb paging_design=\u00bbradio_dots\u00bb paging_color=\u00bbgrey\u00bb loop=\u00bb\u00bb autoplay=\u00bb-1&#8243; include=\u00bb742,743,740,744,741&#8243; grid_id=\u00bbvc_gid:1693533337572-a747ff3f-978c-6&#8243;][\/vc_column][\/vc_row][vc_row][vc_column][vc_masonry_media_grid style=\u00bblazy\u00bb element_width=\u00bb3&#8243; arrows_design=\u00bbnone\u00bb arrows_position=\u00bbinside\u00bb arrows_color=\u00bbblue\u00bb paging_design=\u00bbradio_dots\u00bb paging_color=\u00bbgrey\u00bb loop=\u00bb\u00bb autoplay=\u00bb-1&#8243; include=\u00bb745,746,747,748,749,750,751,752,754,753,755&#8243; grid_id=\u00bbvc_gid:1693533337573-e6e50bb3-a58d-10&#8243;][\/vc_column][\/vc_row]<\/p>\n","protected":false},"excerpt":{"rendered":"<p>[vc_row][vc_column][vc_single_image image=\u00bb404&#8243; img_size=\u00bblarge\u00bb][vc_column_text]Esta es una obra, como dice el t\u00edtulo, creada por una mexicana y una argentina. Dos mujeres con mucho que decir. En un formato de \u00abStand up \/ Cabaret\u00bb, estas dos actrices r\u00eden, cantan, lloran y bailan. Con inteligente iron\u00eda dejan en evidencia las virtudes y defectos de sus pa\u00edses, reviviendo en su piel diferentes personajes representativos de ambas culturas. Unas fan\u00e1ticas futboleras, [&hellip;]<\/p>\n","protected":false},"author":1,"featured_media":406,"parent":14,"menu_order":0,"comment_status":"open","ping_status":"closed","template":"","meta":{"footnotes":""},"class_list":["post-22","page","type-page","status-publish","has-post-thumbnail","hentry"],"aioseo_notices":[],"_links":{"self":[{"href":"http:\/\/www.florlima.com\/site\/wp-json\/wp\/v2\/pages\/22","targetHints":{"allow":["GET"]}}],"collection":[{"href":"http:\/\/www.florlima.com\/site\/wp-json\/wp\/v2\/pages"}],"about":[{"href":"http:\/\/www.florlima.com\/site\/wp-json\/wp\/v2\/types\/page"}],"author":[{"embeddable":true,"href":"http:\/\/www.florlima.com\/site\/wp-json\/wp\/v2\/users\/1"}],"replies":[{"embeddable":true,"href":"http:\/\/www.florlima.com\/site\/wp-json\/wp\/v2\/comments?post=22"}],"version-history":[{"count":15,"href":"http:\/\/www.florlima.com\/site\/wp-json\/wp\/v2\/pages\/22\/revisions"}],"predecessor-version":[{"id":1363,"href":"http:\/\/www.florlima.com\/site\/wp-json\/wp\/v2\/pages\/22\/revisions\/1363"}],"up":[{"embeddable":true,"href":"http:\/\/www.florlima.com\/site\/wp-json\/wp\/v2\/pages\/14"}],"wp:featuredmedia":[{"embeddable":true,"href":"http:\/\/www.florlima.com\/site\/wp-json\/wp\/v2\/media\/406"}],"wp:attachment":[{"href":"http:\/\/www.florlima.com\/site\/wp-json\/wp\/v2\/media?parent=22"}],"curies":[{"name":"wp","href":"https:\/\/api.w.org\/{rel}","templated":true}]}}