{"id":395,"date":"2015-03-14T01:47:38","date_gmt":"2015-03-14T01:47:38","guid":{"rendered":"http:\/\/www.florlima.com\/site\/?page_id=395"},"modified":"2023-09-01T01:43:09","modified_gmt":"2023-09-01T01:43:09","slug":"los-hombres-de-mi-vida","status":"publish","type":"page","link":"http:\/\/www.florlima.com\/site\/teatro\/los-hombres-de-mi-vida\/","title":{"rendered":"TEATRO LOS HOMBRES DE MI VIDA"},"content":{"rendered":"<p>[vc_row][vc_column][vc_single_image image=\u00bb397&#8243; img_size=\u00bblarge\u00bb alignment=\u00bbcenter\u00bb][\/vc_column][\/vc_row][vc_row][vc_column][vc_column_text]Dos mujeres (Flor Lima y Adriana Larrange) exploran su vida en busca de respuestas.<\/p>\n<p>Lloran, gritan y se r\u00eden de ellas mismas&#8230;<\/p>\n<p>Un hombre en el escenario (Edher Corte), despliega su talento con variedad de instrumentos musicalizando en vivo.<\/p>\n<p>Ellas bailan, cantan y se vuelven a re\u00edr&#8230;<\/p>\n<p>Las decisiones que tomamos en la Vida, qui\u00e9nes elegimos como compa\u00f1eros, muchas veces son para re\u00edrnos, pero muchas otras&#8230; son para llorar.<\/p>\n<p>El primer contacto con el sexo opuesto. C\u00f3mo nos rompen el coraz\u00f3n una, otra vez y de igual manera volvemos a la carga con la misma ilusi\u00f3n, creyendo que el siguiente ser\u00e1 el indicado.<\/p>\n<p>Esto hace de el \u00abAmor\u00bb, el sentimiento mas deseado&#8230;<\/p>\n<p>Hoy, hemos aprendido a observarnos con mas cr\u00edtica, nos hacemos cargo y responsables de nuestras decisiones.<\/p>\n<p>Te invitamos a analizar, a revivir con nosotros los diferentes arquetipos masculinos que suelen aparecer en la vida de una mujer&#8230;<\/p>\n<p>Ellos son&#8230;<\/p>\n<p><img loading=\"lazy\" decoding=\"async\" class=\"alignnone wp-image-623 size-medium\" src=\"http:\/\/www.florlima.com\/site\/wp-content\/uploads\/2015\/03\/hombres-titulo-300x17.jpg\" alt=\"hombres-titulo\" width=\"300\" height=\"17\" srcset=\"http:\/\/www.florlima.com\/site\/wp-content\/uploads\/2015\/03\/hombres-titulo-300x17.jpg 300w, http:\/\/www.florlima.com\/site\/wp-content\/uploads\/2015\/03\/hombres-titulo.jpg 539w\" sizes=\"auto, (max-width: 300px) 100vw, 300px\" \/>[\/vc_column_text][\/vc_column][\/vc_row][vc_row][vc_column][vc_masonry_media_grid element_width=\u00bb2&#8243; arrows_design=\u00bbnone\u00bb arrows_position=\u00bbinside\u00bb arrows_color=\u00bbblue\u00bb paging_design=\u00bbradio_dots\u00bb paging_color=\u00bbgrey\u00bb loop=\u00bb\u00bb autoplay=\u00bb-1&#8243; include=\u00bb383,381,380,379,378,377,375,372,373,374,376,382&#8243; grid_id=\u00bbvc_gid:1693532471163-52722b37-427f-2&#8243;][\/vc_column][\/vc_row][vc_row][vc_column][vc_video link=\u00bbhttps:\/\/www.youtube.com\/watch?v=dbgAE_yDPnE\u00bb][vc_single_image image=\u00bb470&#8243; img_size=\u00bblarge\u00bb alignment=\u00bbcenter\u00bb css_animation=\u00bbbottom-to-top\u00bb][\/vc_column][\/vc_row][vc_row][vc_column][vc_masonry_media_grid element_width=\u00bb6&#8243; arrows_design=\u00bbnone\u00bb arrows_position=\u00bbinside\u00bb arrows_color=\u00bbblue\u00bb paging_design=\u00bbradio_dots\u00bb paging_color=\u00bbgrey\u00bb loop=\u00bb\u00bb autoplay=\u00bb-1&#8243; include=\u00bb398,386,385,387,384&#8243; grid_id=\u00bbvc_gid:1693532471163-cd1e7d85-ccc6-4&#8243;][\/vc_column][\/vc_row][vc_row][vc_column][vc_text_separator title=\u00bbOBRA COMPLETA\u00bb color=\u00bbcustom\u00bb accent_color=\u00bb#ff0000&#8243;][vc_video link=\u00bbhttps:\/\/www.youtube.com\/watch?v=VpCEgh0_rzs\u00bb][\/vc_column][\/vc_row]<\/p>\n","protected":false},"excerpt":{"rendered":"<p>[vc_row][vc_column][vc_single_image image=\u00bb397&#8243; img_size=\u00bblarge\u00bb alignment=\u00bbcenter\u00bb][\/vc_column][\/vc_row][vc_row][vc_column][vc_column_text]Dos mujeres (Flor Lima y Adriana Larrange) exploran su vida en busca de respuestas. Lloran, gritan y se r\u00eden de ellas mismas&#8230; Un hombre en el escenario (Edher Corte), despliega su talento con variedad de instrumentos musicalizando en vivo. Ellas bailan, cantan y se vuelven a re\u00edr&#8230; Las decisiones que tomamos en la Vida, qui\u00e9nes elegimos como compa\u00f1eros, muchas veces son para [&hellip;]<\/p>\n","protected":false},"author":1,"featured_media":382,"parent":14,"menu_order":0,"comment_status":"open","ping_status":"closed","template":"","meta":{"footnotes":""},"class_list":["post-395","page","type-page","status-publish","has-post-thumbnail","hentry"],"aioseo_notices":[],"_links":{"self":[{"href":"http:\/\/www.florlima.com\/site\/wp-json\/wp\/v2\/pages\/395","targetHints":{"allow":["GET"]}}],"collection":[{"href":"http:\/\/www.florlima.com\/site\/wp-json\/wp\/v2\/pages"}],"about":[{"href":"http:\/\/www.florlima.com\/site\/wp-json\/wp\/v2\/types\/page"}],"author":[{"embeddable":true,"href":"http:\/\/www.florlima.com\/site\/wp-json\/wp\/v2\/users\/1"}],"replies":[{"embeddable":true,"href":"http:\/\/www.florlima.com\/site\/wp-json\/wp\/v2\/comments?post=395"}],"version-history":[{"count":16,"href":"http:\/\/www.florlima.com\/site\/wp-json\/wp\/v2\/pages\/395\/revisions"}],"predecessor-version":[{"id":1361,"href":"http:\/\/www.florlima.com\/site\/wp-json\/wp\/v2\/pages\/395\/revisions\/1361"}],"up":[{"embeddable":true,"href":"http:\/\/www.florlima.com\/site\/wp-json\/wp\/v2\/pages\/14"}],"wp:featuredmedia":[{"embeddable":true,"href":"http:\/\/www.florlima.com\/site\/wp-json\/wp\/v2\/media\/382"}],"wp:attachment":[{"href":"http:\/\/www.florlima.com\/site\/wp-json\/wp\/v2\/media?parent=395"}],"curies":[{"name":"wp","href":"https:\/\/api.w.org\/{rel}","templated":true}]}}