{"id":544,"date":"2015-03-23T06:49:32","date_gmt":"2015-03-23T06:49:32","guid":{"rendered":"http:\/\/www.florlima.com\/site\/?page_id=544"},"modified":"2025-03-20T19:50:43","modified_gmt":"2025-03-20T19:50:43","slug":"las-cosas-como-son","status":"publish","type":"page","link":"http:\/\/www.florlima.com\/site\/las-cosas-como-son\/","title":{"rendered":"LAS COSAS COMO SON"},"content":{"rendered":"<p>[vc_row][vc_column][vc_single_image image=\u00bb557&#8243; img_size=\u00bblarge\u00bb alignment=\u00bbcenter\u00bb][vc_row_inner][vc_column_inner width=\u00bb1\/2&#8243;][vc_single_image image=\u00bb1453&#8243; img_size=\u00bblarge\u00bb alignment=\u00bbcenter\u00bb css_animation=\u00bbleft-to-right\u00bb][\/vc_column_inner][vc_column_inner width=\u00bb1\/2&#8243;][vc_column_text css_animation=\u00bbright-to-left\u00bb]<\/p>\n<p style=\"text-align: left;\"><strong>En el 2014<\/strong> <strong>FLOR LIMA<\/strong> crea <strong>\u201cArte y Conciencia Social\u201d, <\/strong>con el cual busca generar reflexi\u00f3n con una propuesta art\u00edstica de Perspectiva de G\u00e9nero, como viene trabajando estos \u00faltimos a\u00f1os.<\/p>\n<p style=\"text-align: left;\">Esta vez en dos versiones: el Teatro Social y el formato viral de Videos cortos Ir\u00f3nicos <strong>\u201cLAS COSAS COMO SON\u201d, <\/strong>d\u00f3nde provoca y se r\u00ede de ella misma, utilizando la cotidianidad femenina con humor, en b\u00fasqueda de UNA VIDA CON SENTIDO.<\/p>\n<p style=\"text-align: left;\">Con esta visi\u00f3n propia, propone e invita a LAS MUJERES y p\u00fablico en general, a empoderarse de forma FEMENINA en un positivo DISCERNIR.<\/p>\n<p>[\/vc_column_text][\/vc_column_inner][\/vc_row_inner][\/vc_column][\/vc_row][vc_row][vc_column][vc_video link=\u00bbhttps:\/\/www.youtube.com\/watch?v=lKxfM9JT9uk\u00bb align=\u00bbcenter\u00bb css_animation=\u00bbfadeInUp\u00bb][\/vc_column][\/vc_row][vc_row][vc_column width=\u00bb1\/2&#8243;][vc_video link=\u00bbhttps:\/\/www.youtube.com\/watch?v=zZPd8m4fjfg\u00bb align=\u00bbcenter\u00bb css_animation=\u00bbfadeInUp\u00bb][\/vc_column][vc_column width=\u00bb1\/2&#8243;][vc_video link=\u00bbhttps:\/\/www.youtube.com\/watch?v=y7pYnVq2Swc\u00bb align=\u00bbcenter\u00bb css_animation=\u00bbfadeInUp\u00bb][\/vc_column][\/vc_row]<\/p>\n","protected":false},"excerpt":{"rendered":"<p>[vc_row][vc_column][vc_single_image image=\u00bb557&#8243; img_size=\u00bblarge\u00bb alignment=\u00bbcenter\u00bb][vc_row_inner][vc_column_inner width=\u00bb1\/2&#8243;][vc_single_image image=\u00bb1453&#8243; img_size=\u00bblarge\u00bb alignment=\u00bbcenter\u00bb css_animation=\u00bbleft-to-right\u00bb][\/vc_column_inner][vc_column_inner width=\u00bb1\/2&#8243;][vc_column_text css_animation=\u00bbright-to-left\u00bb] En el 2014 FLOR LIMA crea \u201cArte y Conciencia Social\u201d, con el cual busca generar reflexi\u00f3n con una propuesta art\u00edstica de Perspectiva de G\u00e9nero, como viene trabajando estos \u00faltimos a\u00f1os. Esta vez en dos versiones: el Teatro Social y el formato viral de Videos cortos Ir\u00f3nicos \u201cLAS COSAS COMO SON\u201d, d\u00f3nde provoca y se [&hellip;]<\/p>\n","protected":false},"author":1,"featured_media":557,"parent":0,"menu_order":0,"comment_status":"closed","ping_status":"closed","template":"","meta":{"footnotes":""},"class_list":["post-544","page","type-page","status-publish","has-post-thumbnail","hentry"],"aioseo_notices":[],"_links":{"self":[{"href":"http:\/\/www.florlima.com\/site\/wp-json\/wp\/v2\/pages\/544","targetHints":{"allow":["GET"]}}],"collection":[{"href":"http:\/\/www.florlima.com\/site\/wp-json\/wp\/v2\/pages"}],"about":[{"href":"http:\/\/www.florlima.com\/site\/wp-json\/wp\/v2\/types\/page"}],"author":[{"embeddable":true,"href":"http:\/\/www.florlima.com\/site\/wp-json\/wp\/v2\/users\/1"}],"replies":[{"embeddable":true,"href":"http:\/\/www.florlima.com\/site\/wp-json\/wp\/v2\/comments?post=544"}],"version-history":[{"count":70,"href":"http:\/\/www.florlima.com\/site\/wp-json\/wp\/v2\/pages\/544\/revisions"}],"predecessor-version":[{"id":1510,"href":"http:\/\/www.florlima.com\/site\/wp-json\/wp\/v2\/pages\/544\/revisions\/1510"}],"wp:featuredmedia":[{"embeddable":true,"href":"http:\/\/www.florlima.com\/site\/wp-json\/wp\/v2\/media\/557"}],"wp:attachment":[{"href":"http:\/\/www.florlima.com\/site\/wp-json\/wp\/v2\/media?parent=544"}],"curies":[{"name":"wp","href":"https:\/\/api.w.org\/{rel}","templated":true}]}}