{"id":9,"date":"2015-01-27T22:52:34","date_gmt":"2015-01-27T22:52:34","guid":{"rendered":"http:\/\/www.florlima.com\/site\/?page_id=9"},"modified":"2025-12-10T06:21:28","modified_gmt":"2025-12-10T06:21:28","slug":"biografia","status":"publish","type":"page","link":"http:\/\/www.florlima.com\/site\/biografia\/","title":{"rendered":"BIOGRAF\u00cdA"},"content":{"rendered":"<p>[vc_row][vc_column][vc_column_text css_animation=\u00bbnone\u00bb]<\/p>\n<p>\n<strong><a href=\"http:\/\/www.florlima.com\/site\/wp-content\/uploads\/2025\/02\/IMG_8476.jpg\"><img loading=\"lazy\" decoding=\"async\" class=\"size-medium wp-image-1446 alignleft\" src=\"http:\/\/www.florlima.com\/site\/wp-content\/uploads\/2025\/02\/IMG_8476-209x300.jpg\" alt=\"\" width=\"289\" height=\"380\" \/><\/a><\/strong>Flor Lima es una actriz argentina radicada en M\u00e9xico hace m\u00e1s de 16 a\u00f1os.<br \/>\nEstudi\u00f3 teatro y canto desde muy temprana edad. <br \/>\nFan\u00e1tica de El M\u00e9todo, sus maestros fueron Carlos Gandolfo y Joy Morris, entre otros. <br \/>\nA los 30 a\u00f1os conoce otras t\u00e9cnicas de la mano de Mariela Asensio y Jos\u00e9 Mar\u00eda Muscari y se adentra a la creaci\u00f3n de textos a trav\u00e9s de la po\u00e9tica de la Impronta Personal. Comienza a reflexionar su lugar como mujer y su necesidad de cuestio\u00adnarlo con humor sobre el escenario. Es as\u00ed como en 2009 surgen obras como &quot;M\u00e9xico vs. Argentina&quot;, la cual escribe y produce con Diana Salgado y en 2011, &quot;Los Hombres de mi Vida&quot;, que escribe y produce con Adriana Larra\u00f1aga, con m\u00fasica original de Edher Corte. \u00c9sta \u00faltima fue seleccionada para participar en Las Jornadas Alarconianas en Taxco en 2012. En 2013 protagoniza &quot;Adentro&quot; en el CNA. En 2015, junto con el gestor cultural Gregorio Escobar y Jaime Trejo, crean M\u00f3dulos Teatrales y Talleres de Conciencia, donde llevan 84 funciones de teatro a las escuelas de Atizap\u00e1n de Zaragoza, con el apoyo de Conaculta y recursos culturales. <br \/>\nHa participado en series como &quot;Lo que la vida me rob\u00f3&quot; y &quot;Fotorama&quot;. Tambi\u00e9n par\u00adticip\u00f3 en el videoclip de OneRepublic &quot;Kids&quot; y en el videoclip &quot;Vida&quot; de Ricardo Arjona. <br \/>\nFue seleccionada para protagonizar la campa\u00f1a para redes &quot;Soy CDMX&quot; por Turismo M\u00e9xico, para compartir la parte cultural de la Cuidad de M\u00e9xico, al dejar de ser Distrito Federal. Protagoniz\u00f3 la campa\u00f1a para redes de Evenflo &quot;Advance Moms&quot;, durante varios meses, compartiendo c\u00e1psulas para mam\u00e1s primerizas, desde el s\u00e9ptimo mes de embarazo hasta los 5 meses de su hijo, Le\u00f3n. <br \/>\nEs coautora, actriz y productora de la obra &quot;Desmedidas&quot;, estrenada en septiembre del 2023, en El C\u00edrculo Teatral de la CDMX. Hoy la obra lleva 5 exitosas temporadas y fue invitada al Festival Internacional Santa Luc\u00eda en Monterrey y al Festival de Teatro Alternativo FETALE en Espa\u00f1a. <\/p>\n<p><span style=\"display: inline-block; width: 0px; overflow: hidden; line-height: 0;\" data-mce-type=\"bookmark\" class=\"mce_SELRES_start\">\ufeff<\/span><\/p>\n<p><span style=\"display: inline-block; width: 0px; overflow: hidden; line-height: 0;\" data-mce-type=\"bookmark\" class=\"mce_SELRES_start\">\ufeff<\/span>[\/vc_column_text][\/vc_column][\/vc_row]<\/p>\n","protected":false},"excerpt":{"rendered":"<p>[vc_row][vc_column][vc_column_text css_animation=\u00bbnone\u00bb] Flor Lima es una actriz argentina radicada en M\u00e9xico hace m\u00e1s de 16 a\u00f1os. Estudi\u00f3 teatro y canto desde muy temprana edad. Fan\u00e1tica de El M\u00e9todo, sus maestros fueron Carlos Gandolfo y Joy Morris, entre otros. A los 30 a\u00f1os conoce otras t\u00e9cnicas de la mano de Mariela Asensio y Jos\u00e9 Mar\u00eda Muscari y se adentra a la creaci\u00f3n de textos a trav\u00e9s [&hellip;]<\/p>\n","protected":false},"author":1,"featured_media":144,"parent":0,"menu_order":0,"comment_status":"closed","ping_status":"closed","template":"","meta":{"footnotes":""},"class_list":["post-9","page","type-page","status-publish","has-post-thumbnail","hentry"],"aioseo_notices":[],"_links":{"self":[{"href":"http:\/\/www.florlima.com\/site\/wp-json\/wp\/v2\/pages\/9","targetHints":{"allow":["GET"]}}],"collection":[{"href":"http:\/\/www.florlima.com\/site\/wp-json\/wp\/v2\/pages"}],"about":[{"href":"http:\/\/www.florlima.com\/site\/wp-json\/wp\/v2\/types\/page"}],"author":[{"embeddable":true,"href":"http:\/\/www.florlima.com\/site\/wp-json\/wp\/v2\/users\/1"}],"replies":[{"embeddable":true,"href":"http:\/\/www.florlima.com\/site\/wp-json\/wp\/v2\/comments?post=9"}],"version-history":[{"count":30,"href":"http:\/\/www.florlima.com\/site\/wp-json\/wp\/v2\/pages\/9\/revisions"}],"predecessor-version":[{"id":1584,"href":"http:\/\/www.florlima.com\/site\/wp-json\/wp\/v2\/pages\/9\/revisions\/1584"}],"wp:featuredmedia":[{"embeddable":true,"href":"http:\/\/www.florlima.com\/site\/wp-json\/wp\/v2\/media\/144"}],"wp:attachment":[{"href":"http:\/\/www.florlima.com\/site\/wp-json\/wp\/v2\/media?parent=9"}],"curies":[{"name":"wp","href":"https:\/\/api.w.org\/{rel}","templated":true}]}}